{"id":163,"date":"2021-03-09T23:42:46","date_gmt":"2021-03-09T23:42:46","guid":{"rendered":"https:\/\/vocesdeprofundis.es\/?page_id=163"},"modified":"2025-09-30T11:01:27","modified_gmt":"2025-09-30T11:01:27","slug":"bienvenida","status":"publish","type":"page","link":"https:\/\/vocesdeprofundis.es\/","title":{"rendered":"..."},"content":{"rendered":"<h2>Nuestra Historia<\/h2>\n<p><strong>DE PROFUNDIS<\/strong> es un Grupo de Voces Graves y Conjunto Instrumental sevillano que se funda en el a\u00f1o 2014 con la premisa de difundir e interpretar la M\u00fasica Vocal para Voces Graves.<\/p>\n<p>Este grupo se especializa en M\u00fasica del Renacimiento, as\u00ed como tambi\u00e9n preparan obras de autores actuales.<\/p>\n<p>De Profundis participa en todo tipo de celebraciones lit\u00fargicas, destacando su participaci\u00f3n en Estaciones de Penitencia, con\u00a0 acompa\u00f1amiento instrumental propio, Via-Crucis, Misas Solemnes, y cuales quiera que sean los actos en los que se requiera un recogimiento.<\/p>\n<p>El Grupo est\u00e1 formado por un conjunto de voces e instrumentos, pudiendo aumentar o disminuir su n\u00famero en funci\u00f3n del acto en el que se requiera su presencia y las caracter\u00edsticas del mismo.<\/p>\n<p>En 2024 se comemoraron los 10 a\u00f1os de fundaci\u00f3n del Grupo, con diversos Conciertos y actos especiales, destacando la publicaci\u00f3n y presentaci\u00f3n del reciente trabajo discogr\u00e1fico \u00ab<a style=\"color: #ffffff;\" href=\"https:\/\/responsoriatenebrarum.es\/\">RESPONSORIA TENEBRARUM<\/a>\u00bb de Sergio Asi\u00e1n.<\/p>\n<p>De Profundis es marca registrada n\u00famero: 4.277.846<\/p>\n<h3><strong>RESPONSORIA TENEBRARUM<\/strong><\/h3>\n<p data-start=\"399\" data-end=\"533\">En un tiempo saturado de est\u00edmulos y de ruido, <em data-start=\"448\" data-end=\"472\">Responsoria Tenebrarum<\/em> nace como un espacio de silencio, escucha y contemplaci\u00f3n.<\/p>\n<p data-start=\"535\" data-end=\"745\">La obra recoge el esp\u00edritu de los antiguos Oficios de Tinieblas \u2014celebraciones cargadas de simbolismo durante el Triduo Pascual\u2014 y lo traduce a un lenguaje musical actual, accesible y profundamente emocional.<\/p>\n<p data-start=\"747\" data-end=\"1028\">Su autor, Sergio Asi\u00e1n, ha concebido este ciclo de 18 responsorios no como una recreaci\u00f3n historicista, sino como una <strong data-start=\"865\" data-end=\"945\">experiencia sonora que invita al oyente a entrar en el misterio de la Pasi\u00f3n<\/strong>: desde la oraci\u00f3n en el Huerto de los Olivos hasta el silencio del S\u00e1bado Santo.<\/p>\n<p data-start=\"1030\" data-end=\"1196\">El car\u00e1cter musical de <em data-start=\"1053\" data-end=\"1077\">Responsoria Tenebrarum<\/em> se asienta en la sobriedad expresiva, la profundidad emocional y la b\u00fasqueda de una belleza desnuda, sin artificios.<\/p>\n<p data-start=\"1198\" data-end=\"1518\">Uno de los rasgos m\u00e1s singulares de esta obra es su textura t\u00edmbrica exclusiva: el grupo <strong data-start=\"1287\" data-end=\"1331\">DeProfundis \u2014 Grupo Vocal e Instrumental<\/strong> explora un equilibrio muy poco frecuente entre <strong data-start=\"1379\" data-end=\"1395\">voces graves<\/strong> (altos, tenores, bar\u00edtonos, bajos) y un conjunto selecto de <strong data-start=\"1456\" data-end=\"1489\">instrumentos de viento madera<\/strong> (oboe, clarinetes, fagot).<\/p>\n<p data-start=\"1520\" data-end=\"1777\">Este di\u00e1logo entre las voces humanas y los timbres c\u00e1lidos y oscuros de los instrumentos de viento genera un <strong data-start=\"1629\" data-end=\"1692\">paisaje sonoro denso, envolvente y profundamente espiritual<\/strong>, que evoca la atm\u00f3sfera de penumbra y recogimiento propia de los antiguos Oficios.<\/p>\n<p data-start=\"1779\" data-end=\"2054\">El tratamiento de la armon\u00eda y del ritmo es deliberadamente contemplativo: la m\u00fasica no busca el efecto f\u00e1cil, sino la resonancia interior. Cada silencio, cada l\u00ednea mel\u00f3dica, cada color instrumental est\u00e1 pensado para favorecer un estado de escucha atenta, casi meditativa.<\/p>\n<p data-start=\"2056\" data-end=\"2292\">As\u00ed, <em data-start=\"2061\" data-end=\"2085\">Responsoria Tenebrarum<\/em> propone al oyente una experiencia \u00fanica: un viaje hacia el coraz\u00f3n del Misterio Pascual a trav\u00e9s de la m\u00fasica, en un espacio sonoro donde la belleza y la espiritualidad se entrelazan de forma inseparable.\u00bb*<\/p>\n","protected":false},"excerpt":{"rendered":"<p>Nuestra Historia DE PROFUNDIS es un Grupo de Voces Graves y Conjunto Instrumental sevillano que se funda en el a\u00f1o 2014 con la premisa de difundir e interpretar la M\u00fasica Vocal para Voces Graves. Este grupo se especializa en M\u00fasica del Renacimiento, as\u00ed como tambi\u00e9n preparan obras de autores actuales. De Profundis participa en todo <a href=\"https:\/\/vocesdeprofundis.es\/\" class=\"more-link\">&#8230;<span class=\"screen-reader-text\">  &#8230;<\/span><\/a><\/p>\n","protected":false},"author":1,"featured_media":0,"parent":0,"menu_order":0,"comment_status":"closed","ping_status":"closed","template":"templates\/sidebar-left.php","meta":{"podcast_url":"","podcast_explicit":"no","podcast_captioned":false,"podcast_duration":"","podcast_filesize":0,"podcast_mime":"","enclosure":"","podcast_season_number":"","podcast_episode_number":"","podcast_episode_type":"none","podcast_transcript":"","footnotes":""},"class_list":["post-163","page","type-page","status-publish","hentry"],"_links":{"self":[{"href":"https:\/\/vocesdeprofundis.es\/index.php\/wp-json\/wp\/v2\/pages\/163","targetHints":{"allow":["GET"]}}],"collection":[{"href":"https:\/\/vocesdeprofundis.es\/index.php\/wp-json\/wp\/v2\/pages"}],"about":[{"href":"https:\/\/vocesdeprofundis.es\/index.php\/wp-json\/wp\/v2\/types\/page"}],"author":[{"embeddable":true,"href":"https:\/\/vocesdeprofundis.es\/index.php\/wp-json\/wp\/v2\/users\/1"}],"replies":[{"embeddable":true,"href":"https:\/\/vocesdeprofundis.es\/index.php\/wp-json\/wp\/v2\/comments?post=163"}],"version-history":[{"count":63,"href":"https:\/\/vocesdeprofundis.es\/index.php\/wp-json\/wp\/v2\/pages\/163\/revisions"}],"predecessor-version":[{"id":489,"href":"https:\/\/vocesdeprofundis.es\/index.php\/wp-json\/wp\/v2\/pages\/163\/revisions\/489"}],"wp:attachment":[{"href":"https:\/\/vocesdeprofundis.es\/index.php\/wp-json\/wp\/v2\/media?parent=163"}],"curies":[{"name":"wp","href":"https:\/\/api.w.org\/{rel}","templated":true}]}}