{"id":7,"date":"2021-03-02T10:16:33","date_gmt":"2021-03-02T10:16:33","guid":{"rendered":"https:\/\/vocesdeprofundis.es\/?page_id=7"},"modified":"2025-09-30T11:10:59","modified_gmt":"2025-09-30T11:10:59","slug":"biografia","status":"publish","type":"page","link":"https:\/\/vocesdeprofundis.es\/index.php\/biografia\/","title":{"rendered":"Biograf\u00eda"},"content":{"rendered":"<h1>Biograf\u00eda<\/h1>\n<p>El Grupo de Voces Graves y Conjunto Instrumental <strong>DE PROFUNDIS<\/strong> se funda en Sevilla el 24 de noviembre de 2013 bajo la direcci\u00f3n de Sergio Asi\u00e1n quien, junto a siete cantores mas, se afanan en la divulgaci\u00f3n de la M\u00fasica Vocal para Voces Graves con car\u00e1cter Procesional.<\/p>\n<p>Su primer acto fue el 28 de febrero de 2014, en la Misa Solemne de Quinario al Stmo. Cristo del Desamparo y Abandono de la Hdad. del Cerro del \u00c1guila (Sevilla).<\/p>\n<p>A partir de entonces, el Grupo participa en los Via-Crucis de la Hermandad de la Vera-Cruz de Sevilla, del Consejo de Hermandades de Utrera, y de la Hermandad de la Vera-Cruz de Coria del R\u00edo.<\/p>\n<p>Participa en los cultos de las Hermandades de la Piedad de Coria del R\u00edo, la Vera-Cruz de Sevilla, el Crucifijo de los Milagros de Utrera, la Vera-Cruz de Arahal, y la citada Hermandad de Ntra. Sra. de los Dolores del Cerro del \u00c1guila.<\/p>\n<p>Dentro de los eventos m\u00e1s destacados, cabe resaltar la participaci\u00f3n en febrero de 2018 del Solemne Traslado Procesional del Stmo. Cristo de la Expiraci\u00f3n de C\u00f3rdoba, as\u00ed como la primera salida de La Piedad de Coria del R\u00edo el 19 de marzo de 2018.<\/p>\n<p>Participa en la Estaci\u00f3n de Penitencia de las Hermandades de la Vera-Cruz de Sevilla, La Piedad del Viso del Alcor, La Vera-Cruz de Coria del R\u00edo, el Santo Crucifijo de los Milagros, la Piedad de Coria del R\u00edo, y los Negritos de Sevilla, entre otras muchas.<\/p>\n<p>Cabe destacar que en 2024 conmemorando su X Aniversario, han grabado un disco bajo el t\u00edtulo \u00abResponsoria Tenebrarum\u00bb un retrato musical del Oficio de Tinieblas, compuesto por Sergio Asi\u00e1n.<\/p>\n<p>En la actualidad, el grupo sigue ampliando sus m\u00e1s de 60 obras para voces graves, participando en muchos cultos, via-crucis y estaciones de penitencia, intentando con mucho empe\u00f1o, solemnizar y ensalzar los actos en los que participamos.<\/p>\n","protected":false},"excerpt":{"rendered":"<p>Biograf\u00eda El Grupo de Voces Graves y Conjunto Instrumental DE PROFUNDIS se funda en Sevilla el 24 de noviembre de 2013 bajo la direcci\u00f3n de Sergio Asi\u00e1n quien, junto a siete cantores mas, se afanan en la divulgaci\u00f3n de la M\u00fasica Vocal para Voces Graves con car\u00e1cter Procesional. Su primer acto fue el 28 de <a href=\"https:\/\/vocesdeprofundis.es\/index.php\/biografia\/\" class=\"more-link\">&#8230;<span class=\"screen-reader-text\">  Biograf\u00eda<\/span><\/a><\/p>\n","protected":false},"author":1,"featured_media":0,"parent":0,"menu_order":0,"comment_status":"closed","ping_status":"closed","template":"elementor_header_footer","meta":{"podcast_url":"","podcast_explicit":"no","podcast_captioned":false,"podcast_duration":"","podcast_filesize":0,"podcast_mime":"","enclosure":"","podcast_season_number":"","podcast_episode_number":"","podcast_episode_type":"none","podcast_transcript":"","footnotes":""},"class_list":["post-7","page","type-page","status-publish","hentry"],"_links":{"self":[{"href":"https:\/\/vocesdeprofundis.es\/index.php\/wp-json\/wp\/v2\/pages\/7","targetHints":{"allow":["GET"]}}],"collection":[{"href":"https:\/\/vocesdeprofundis.es\/index.php\/wp-json\/wp\/v2\/pages"}],"about":[{"href":"https:\/\/vocesdeprofundis.es\/index.php\/wp-json\/wp\/v2\/types\/page"}],"author":[{"embeddable":true,"href":"https:\/\/vocesdeprofundis.es\/index.php\/wp-json\/wp\/v2\/users\/1"}],"replies":[{"embeddable":true,"href":"https:\/\/vocesdeprofundis.es\/index.php\/wp-json\/wp\/v2\/comments?post=7"}],"version-history":[{"count":29,"href":"https:\/\/vocesdeprofundis.es\/index.php\/wp-json\/wp\/v2\/pages\/7\/revisions"}],"predecessor-version":[{"id":391,"href":"https:\/\/vocesdeprofundis.es\/index.php\/wp-json\/wp\/v2\/pages\/7\/revisions\/391"}],"wp:attachment":[{"href":"https:\/\/vocesdeprofundis.es\/index.php\/wp-json\/wp\/v2\/media?parent=7"}],"curies":[{"name":"wp","href":"https:\/\/api.w.org\/{rel}","templated":true}]}}