{"id":8,"date":"2021-03-02T10:16:33","date_gmt":"2021-03-02T10:16:33","guid":{"rendered":"https:\/\/vocesdeprofundis.es\/?page_id=8"},"modified":"2025-01-31T12:29:44","modified_gmt":"2025-01-31T12:29:44","slug":"repertorio","status":"publish","type":"page","link":"https:\/\/vocesdeprofundis.es\/index.php\/repertorio\/","title":{"rendered":"Repertorio"},"content":{"rendered":"\t\t<div data-elementor-type=\"wp-page\" data-elementor-id=\"8\" class=\"elementor elementor-8\">\n\t\t\t\t\t\t<section class=\"elementor-section elementor-top-section elementor-element elementor-element-60471d2 elementor-section-boxed elementor-section-height-default elementor-section-height-default\" data-id=\"60471d2\" data-element_type=\"section\" data-e-type=\"section\">\n\t\t\t\t\t\t<div class=\"elementor-container elementor-column-gap-default\">\n\t\t\t\t\t<div class=\"elementor-column elementor-col-100 elementor-top-column elementor-element elementor-element-f75973e\" data-id=\"f75973e\" data-element_type=\"column\" data-e-type=\"column\">\n\t\t\t<div class=\"elementor-widget-wrap elementor-element-populated\">\n\t\t\t\t\t\t<div class=\"elementor-element elementor-element-fc9baed elementor-widget elementor-widget-heading\" data-id=\"fc9baed\" data-element_type=\"widget\" data-e-type=\"widget\" data-widget_type=\"heading.default\">\n\t\t\t\t<div class=\"elementor-widget-container\">\n\t\t\t\t\t<h2 class=\"elementor-heading-title elementor-size-default\">Repertorio<\/h2>\t\t\t\t<\/div>\n\t\t\t\t<\/div>\n\t\t\t\t\t<\/div>\n\t\t<\/div>\n\t\t\t\t\t<\/div>\n\t\t<\/section>\n\t\t\t\t<section class=\"elementor-section elementor-top-section elementor-element elementor-element-40bb588 elementor-section-boxed elementor-section-height-default elementor-section-height-default\" data-id=\"40bb588\" data-element_type=\"section\" data-e-type=\"section\">\n\t\t\t\t\t\t<div class=\"elementor-container elementor-column-gap-default\">\n\t\t\t\t\t<div class=\"elementor-column elementor-col-100 elementor-top-column elementor-element elementor-element-a40d5af\" data-id=\"a40d5af\" data-element_type=\"column\" data-e-type=\"column\">\n\t\t\t<div class=\"elementor-widget-wrap elementor-element-populated\">\n\t\t\t\t\t\t<div class=\"elementor-element elementor-element-dd24987 elementor-widget elementor-widget-text-editor\" data-id=\"dd24987\" data-element_type=\"widget\" data-e-type=\"widget\" data-widget_type=\"text-editor.default\">\n\t\t\t\t<div class=\"elementor-widget-container\">\n\t\t\t\t\t\t\t\t\t<ol><li><strong>ADORAMUSTE CHRISTE<\/strong><\/li><\/ol><ul><li>G.P. da Palestrina &#8211; Adaptado por Sergio Asi\u00e1n.<\/li><li>\u00a0<\/li><\/ul><ol><li><strong>ADORAMOSTE SE\u00d1OR, DIOS Y HOMBRE<\/strong><\/li><\/ol><ul><li>Francisco de la Torre &#8211; Adaptado por Sergio Asi\u00e1n.<\/li><li>\u00a0<\/li><\/ul><ol><li><strong>AESTIMATUS SUM<\/strong><\/li><\/ol><ul><li>T. L. de Victoria.<\/li><li>\u00a0<\/li><\/ul><ol><li><strong>AGNUS DEI &#8211; A la Vera-Cruz &#8211;<\/strong><\/li><\/ol><ul><li>F. del Toro<\/li><li>\u00a0<\/li><\/ul><ol><li><strong>AMADO JES\u00daS M\u00cdO<\/strong><\/li><\/ol><ul><li>Sergio Asi\u00e1n.<\/li><li>\u00a0<\/li><\/ul><ol><li><strong>AVE VERUM CORPUS<\/strong><\/li><\/ol><ul><li>A. Rill\u00e9 &#8211; Adaptado por Sergio Asi\u00e1n.<\/li><li>\u00a0<\/li><\/ul><ol><li><strong>BONE PASTOR<\/strong><\/li><\/ol><ul><li>A. Kunck &#8211; Adaptado por Sergio Asi\u00e1n.<\/li><li>\u00a0<\/li><\/ul><ol><li><strong>CRUX FIDELIS<\/strong><\/li><li>Sergio Asi\u00e1n.<\/li><li>\u00a0<\/li><\/ol><ol><li><strong>CHRISTUS FACTUS EST<\/strong><\/li><\/ol><ul><li>M. \u00c1ngel Abad &#8211; Adaptado por Sergio Asi\u00e1n\u00a0<\/li><li>\u00a0<\/li><\/ul><ol><li><strong>CHRISTUS FACTUS EST<\/strong><\/li><\/ol><ul><li>Sergio Asi\u00e1n.<\/li><li>\u00a0<\/li><\/ul><ol><li><strong>CANTO AL CRISTO DE LOS MILAGROS<\/strong><\/li><\/ol><ul><li>M. \u00c1ngel Rodr\u00edguez Villacorta &#8211; Adaptado por Sergio Asi\u00e1n.<\/li><li>\u00a0<\/li><\/ul><ol><li><strong>DE PROFUNDIS CLAMAVIT<\/strong><\/li><\/ol><ul><li>Joaqu\u00edn Caballero<\/li><li>\u00a0<\/li><\/ul><ol><li><strong>DIOS TE SALVE, CRUZ PRECIOSA<\/strong><\/li><\/ol><ul><li>An\u00f3nimo S. XVI &#8211; Adaptado por Sergio Asi\u00e1n.<\/li><li>\u00a0<\/li><\/ul><ol><li><strong>DOMINE IESU CHRISTE<\/strong><\/li><\/ol><ul><li>Sergio Asi\u00e1n.<\/li><li>\u00a0<\/li><\/ul><ol><li><strong>DOMINE NON SUM DIGNUS<\/strong><\/li><\/ol><ul><li>T.L. de Victoria.<\/li><li>\u00a0<\/li><\/ul><ol><li><strong>EN TU CRUZ, CONTIGO<\/strong><\/li><\/ol><ul><li>Fernando Caro &#8211; Adaptado por Sergio Asi\u00e1n.<\/li><li>\u00a0<\/li><\/ul><ol><li><strong>FILIAE IERUSALEM<\/strong><\/li><\/ol><ul><li>Sergio Asi\u00e1n.<\/li><li>\u00a0<\/li><\/ul><ol><li><strong>HIMNO A JES\u00daS DE LA VERA-CRUZ<\/strong><\/li><\/ol><ul><li>Sergio Asi\u00e1n.<\/li><li>\u00a0<\/li><li><strong>HIMNO A LA CRUZ<\/strong><\/li><\/ul><ul><li>Sergio Asi\u00e1n.<\/li><li>\u00a0<\/li><li><strong>HIMNO DE LA VERA-CRUZ<\/strong><\/li><\/ul><ul><li>A. de Castro &#8211; F. Caro<\/li><li>\u00a0<\/li><\/ul><ol><li><strong>HOC EST CORPUS<\/strong><\/li><\/ol><ul><li>Sergio Asi\u00e1n.<\/li><li>\u00a0<\/li><\/ul><ol><li><strong>IESU DULCIS MEMORIA<\/strong><\/li><\/ol><ul><li>T.L. de Victoria &#8211; Adaptado por Joaqu\u00edn Caballero.<\/li><li>\u00a0<\/li><\/ul><ol><li><strong>IESU REX ADMIRABILIS<\/strong><\/li><\/ol><ul><li>G.P. da Palestrina<\/li><li>\u00a0<\/li><\/ul><ol><li><strong>IESUM TRADIDIT<\/strong><\/li><\/ol><ul><li>T.L. de Victoria\u00a0<\/li><li>\u00a0<\/li><\/ul><ol><li><strong>IN MONTE OLIVETI<\/strong><\/li><\/ol><ul><li>F. Schubert &#8211; Adaptado por Joaqu\u00edn Caballero\u00a0<\/li><li>\u00a0<\/li><\/ul><ol><li><strong>IN NOMINE IESU<\/strong><\/li><\/ol><ul><li>Jacob Handl<\/li><li>\u00a0<\/li><\/ul><ol><li><strong>IUDAS MERCATOR<\/strong><\/li><\/ol><ul><li>T.L. de Victoria\u00a0<\/li><li>\u00a0<\/li><\/ul><ol><li><strong>JES\u00daS, ACU\u00c9RDATE DE MI<\/strong><\/li><\/ol><ul><li>Sergio Asi\u00e1n\u00a0<\/li><li>\u00a0<\/li><li><ol><li><strong>JES\u00daS, BUEN PASTOR<\/strong><\/li><\/ol><ul><li>Sergio Asi\u00e1n<\/li><li>\u00a0<\/li><\/ul><\/li><\/ul><ol><li><strong>JES\u00daS CARGA CON LA CRUZ<\/strong><\/li><\/ol><ul><li>Sergio Asi\u00e1n\u00a0<\/li><li>\u00a0<\/li><\/ul><ol><li><strong>KYRIE \u00abVera-Cruz\u00bb<\/strong><\/li><\/ol><ul><li>Sergio Asi\u00e1n<\/li><li>\u00a0<\/li><\/ul><ol><li><strong>LA PUERTA DEL SAGRARIO<\/strong><\/li><\/ol><ul><li>Gorostidi\u00a0<\/li><li>\u00a0<\/li><\/ul><ol><li><strong>MISSA BREVIS<\/strong><\/li><\/ol><ul><li>A. Lotti<\/li><li>\u00a0<\/li><\/ul><ol><li><strong>MISSA FERIALIS<\/strong><\/li><\/ol><ul><li>An\u00f3nimo S. XVI &#8211; Adaptada por Sergio Asi\u00e1n<\/li><li><strong>\u00a0<\/strong><\/li><\/ul><ol><li><strong>MISSA DAVIDICA<\/strong><\/li><\/ol><ul><li>L. Perosi\u00a0<\/li><li>\u00a0<\/li><\/ul><ol><li><strong>O BONE IESU<\/strong><\/li><\/ol><ul><li>G.P. da Palestrina\u00a0<\/li><li>\u00a0<\/li><\/ul><ol><li><strong>O CRUX AVE SPES UNICA<\/strong><\/li><\/ol><ul><li>Fco. Manzanero<\/li><\/ul><p>\u00a0<\/p><ol><li><strong>\u00a0<\/strong><\/li><li><strong>O VOS OMNES<\/strong><\/li><\/ol><ul><li>T.L. de Victoria<\/li><li>\u00a0<\/li><\/ul><ol><li><strong>O VOS OMNES<\/strong><\/li><\/ol><ul><li>Pablo Casals\u00a0<\/li><li>\u00a0<\/li><\/ul><ol><li><strong>PARCE MIHI<\/strong><\/li><\/ol><ul><li>C. de Morales\u00a0<\/li><li>\u00a0<\/li><\/ul><ol><li><strong>PERD\u00d3N, OH DIOS M\u00cdO<\/strong><\/li><\/ol><ul><li>Popular adaptado por Fco. Manzanero<\/li><li><strong>\u00a0<\/strong><\/li><li><b>PERDONA A TU PUEBLO<\/b><br \/><ul style=\"font-style: normal; font-variant-ligatures: normal; font-variant-caps: normal; font-weight: 300; font-size: 14px; font-family: Arial, sans-serif;\"><li>Popular adaptado por Sergio Asi\u00e1n<\/li><\/ul><\/li><li>\u00a0<\/li><\/ul><ol><li><strong>PER SIGNUM CRUCIS<\/strong><\/li><\/ol><ul><li>Cristian Gonz\u00e1lez<\/li><li>\u00a0<\/li><\/ul><ol><li><strong>RESPONSORIA TENEBRARUM<\/strong><\/li><\/ol><ul><li>Sergio Asi\u00e1n<\/li><li>\u00a0<\/li><\/ul><ol><li><strong>S\u00c1LVAME, VIRGEN MAR\u00cdA<\/strong><\/li><\/ol><ul><li>Tom\u00e1s de Manz\u00e1rraga\u00a0<\/li><li>\u00a0<\/li><li><strong>SALVE REGINA MATER<\/strong><br \/><ul style=\"font-style: normal; font-variant-ligatures: normal; font-variant-caps: normal; font-weight: 300; font-size: 14px; font-family: Arial, sans-serif;\"><li>C\u00e9sar Carrillo<\/li><\/ul><\/li><li>\u00a0<\/li><\/ul><ol><li><strong>SI TUS PENAS<\/strong><\/li><\/ol><ul><li>Fco. Guerrero\u00a0 &#8211; Adaptado por Sergio Asi\u00e1n<\/li><li>\u00a0<\/li><\/ul><ol><li><strong>STABAT MATER DOLOROSA<\/strong><\/li><\/ol><ul><li>M. \u00c1ngel Abad<\/li><li>\u00a0<\/li><\/ul><ol><li><strong>STABAT MATER DOLOROSA<\/strong><\/li><\/ol><ul><li>Z. Kodaly\u00a0<\/li><li>\u00a0<\/li><\/ul><ol><li><strong>TENEBRAE FACTAE SUNT<\/strong><\/li><\/ol><ul><li>T.L. de Victoria<\/li><li>\u00a0<\/li><\/ul><ol><li><strong>TRISTIS EST ANIMA MEA<\/strong><\/li><\/ol><ul><li>Sergio Asi\u00e1n\u00a0<\/li><li>\u00a0<\/li><\/ul><ol><li><strong>UBI CARITAS<\/strong><\/li><\/ol><ul><li>O. Gjeilo<\/li><\/ul><ul><li>\u00a0<\/li><\/ul><ol><li><strong>UNA HORA, NON POTUISTI<\/strong><\/li><\/ol><ul><li>T.L. de Victoria\u00a0<\/li><li>\u00a0<\/li><\/ul><ol><li><strong>VERE LANGUORES<\/strong><\/li><\/ol><ul><li>A. Lotti\u00a0<\/li><li>\u00a0<\/li><\/ul><ol><li><strong>VEXILLA REGIS<\/strong><\/li><\/ol><ul><li>Fco. Manzanero\u00a0<\/li><li>\u00a0<\/li><\/ul><ol><li><strong>VIGILATE ET ORATE<\/strong><\/li><\/ol><ul><li>Sergio Asi\u00e1n\u00a0<\/li><\/ul>\t\t\t\t\t\t\t\t<\/div>\n\t\t\t\t<\/div>\n\t\t\t\t\t<\/div>\n\t\t<\/div>\n\t\t\t\t\t<\/div>\n\t\t<\/section>\n\t\t\t\t<\/div>\n\t\t","protected":false},"excerpt":{"rendered":"<p>Repertorio ADORAMUSTE CHRISTE G.P. da Palestrina &#8211; Adaptado por Sergio Asi\u00e1n. \u00a0 ADORAMOSTE SE\u00d1OR, DIOS Y HOMBRE Francisco de la Torre &#8211; Adaptado por Sergio Asi\u00e1n. \u00a0 AESTIMATUS SUM T. L. de Victoria. \u00a0 AGNUS DEI &#8211; A la Vera-Cruz &#8211; F. del Toro \u00a0 AMADO JES\u00daS M\u00cdO Sergio Asi\u00e1n. \u00a0 AVE VERUM CORPUS A. <a href=\"https:\/\/vocesdeprofundis.es\/index.php\/repertorio\/\" class=\"more-link\">&#8230;<span class=\"screen-reader-text\">  Repertorio<\/span><\/a><\/p>\n","protected":false},"author":1,"featured_media":0,"parent":0,"menu_order":0,"comment_status":"closed","ping_status":"closed","template":"elementor_header_footer","meta":{"podcast_url":"","podcast_explicit":"no","podcast_captioned":false,"podcast_duration":"","podcast_filesize":0,"podcast_mime":"","enclosure":"","podcast_season_number":"","podcast_episode_number":"","podcast_episode_type":"none","podcast_transcript":"","footnotes":""},"class_list":["post-8","page","type-page","status-publish","hentry"],"_links":{"self":[{"href":"https:\/\/vocesdeprofundis.es\/index.php\/wp-json\/wp\/v2\/pages\/8","targetHints":{"allow":["GET"]}}],"collection":[{"href":"https:\/\/vocesdeprofundis.es\/index.php\/wp-json\/wp\/v2\/pages"}],"about":[{"href":"https:\/\/vocesdeprofundis.es\/index.php\/wp-json\/wp\/v2\/types\/page"}],"author":[{"embeddable":true,"href":"https:\/\/vocesdeprofundis.es\/index.php\/wp-json\/wp\/v2\/users\/1"}],"replies":[{"embeddable":true,"href":"https:\/\/vocesdeprofundis.es\/index.php\/wp-json\/wp\/v2\/comments?post=8"}],"version-history":[{"count":61,"href":"https:\/\/vocesdeprofundis.es\/index.php\/wp-json\/wp\/v2\/pages\/8\/revisions"}],"predecessor-version":[{"id":436,"href":"https:\/\/vocesdeprofundis.es\/index.php\/wp-json\/wp\/v2\/pages\/8\/revisions\/436"}],"wp:attachment":[{"href":"https:\/\/vocesdeprofundis.es\/index.php\/wp-json\/wp\/v2\/media?parent=8"}],"curies":[{"name":"wp","href":"https:\/\/api.w.org\/{rel}","templated":true}]}}